{"id":5,"date":"2021-08-12T18:59:41","date_gmt":"2021-08-12T18:59:41","guid":{"rendered":"https:\/\/silkartestamparia.com.br\/?page_id=5"},"modified":"2021-08-19T22:38:19","modified_gmt":"2021-08-19T22:38:19","slug":"one-page-express","status":"publish","type":"page","link":"https:\/\/silkartestamparia.com.br\/","title":{"rendered":"Front Page"},"content":{"rendered":"<div id=\"overlapable-2\" style=\"background-color: #ffffff;\" data-label=\"Overlapable\" data-id=\"stripped-coloured-icon-boxes\" data-category=\"overlapable\" class=\"features-coloured-icon-boxes-section\" data-overlap=\"true\">\r\n<div class=\"gridContainer\">\r\n<div class=\"features-coloured-icon-boxes-innerrow flexbox-list dark-text\" data-type=\"row\">\r\n<div class=\"features-coloured-icon-boxes-featurecol cp3cols\">\r\n<div class=\"features-coloured-icon-boxes-iconcontainer\" data-content-item-container=\"true\"><i class=\"features-coloured-icon fa fa-bolt\" data-cp-fa=\"true\"><\/i><\/div>\r\n<h4 class=\"\">Rapidez na entrega<\/h4>\r\n<p class=\"\">Nossos profissionais s\u00e3o capacitados e qualificados para garantir que sua encomenda seja entregue no prazo combinado.<\/p>\r\n\r\n<\/div>\r\n<div class=\"features-coloured-icon-boxes-featurecol cp3cols\">\r\n<div class=\"features-coloured-icon-boxes-iconcontainer\" data-content-item-container=\"true\"><i class=\"features-coloured-icon fa fa-star\" data-cp-fa=\"true\"><\/i><\/div>\r\n<h4 class=\"\">Qualidade<\/h4>\r\n<p class=\"\">Trabalhamos com materiais de qualidade , garantindo assim a satisfa\u00e7\u00e3o de todos os nossos clientes.<\/p>\r\n\r\n<\/div>\r\n<div class=\"features-coloured-icon-boxes-featurecol cp3cols\">\r\n<div class=\"features-coloured-icon-boxes-iconcontainer\" data-content-item-container=\"true\"><i class=\"features-coloured-icon fa fa-file-image-o\" data-cp-fa=\"true\"><\/i><\/div>\r\n<h4 class=\"\">Cria\u00e7\u00e3o de arte<\/h4>\r\n<p class=\"\">Precisa de um produto mas n\u00e3o tem nenhuma id\u00e9ia? Trabalhamos com a cria\u00e7\u00e3o de arte, para sua maior comodidade.<\/p>\r\n\r\n<\/div>\r\n<div class=\"features-coloured-icon-boxes-featurecol cp3cols\">\r\n<div class=\"features-coloured-icon-boxes-iconcontainer\" data-content-item-container=\"true\"><i class=\"features-coloured-icon fa fa-pie-chart\" data-cp-fa=\"true\"><\/i><\/div>\r\n<h4 class=\"\">Or\u00e7amento sem compromisso<\/h4>\r\n<p class=\"\">Seja o que for que voc\u00ea precise, entre em contato conosco e fa\u00e7a or\u00e7amento sem compromisso!<\/p>\r\n\r\n<\/div>\r\n<\/div>\r\n<\/div>\r\n<\/div>\r\n<div id=\"about-1\" style=\"background-color: #f6f6f6;\" data-label=\"About\" data-id=\"about-big-images-section\" data-category=\"about\" class=\"about-big-images-section\">\r\n<div class=\"gridContainer\">\r\n<div class=\"about-big-images-textrow\">\r\n<div class=\"about-big-images-textcol dynamic-color\" data-type=\"column\">\r\n<h5 class=\"\">SILKART ESTAMPARIA<\/h5>\r\n<h3 class=\"\">Rua Primeiro de Agosto n\u00ba 1-70, Centro\u00a0 \u2013 Bauru, SP\r\nFones: (14) 3223-2425\r\n(14) 99711-6576 (WhatsApp)<\/h3>\r\n<\/div>\r\n<\/div>\r\n<\/div>\r\n<div class=\"about-big-images-bottomrow\">\r\n<div class=\"about-big-images-leftimgcol\"><img decoding=\"async\" class=\"about-big-images-leftimg\" src=\"https:\/\/silkartestamparia.com.br\/wp-content\/uploads\/2021\/08\/9c8057fb-09e2-4573-8811-733e670d9402.jpg\" alt=\"\" \/><\/div>\r\n<div class=\"about-big-images-centerimgcol\"><img decoding=\"async\" class=\"about-big-images-centerimg\" src=\"https:\/\/silkartestamparia.com.br\/wp-content\/uploads\/2021\/08\/60f13f9b-b491-4947-bf69-e31c4a583f1f-1-e1628798262929.jpg\" alt=\"\" \/><\/div>\r\n<div class=\"about-big-images-rightimgcol\"><img decoding=\"async\" class=\"about-big-images-rightimg\" src=\"https:\/\/silkartestamparia.com.br\/wp-content\/uploads\/2021\/08\/716793b4-9034-4a15-9e40-40f48369d2c7.jpg\" alt=\"\" \/><\/div>\r\n<\/div>\r\n<\/div>","protected":false},"excerpt":{"rendered":"<p>Rapidez na entrega Nossos profissionais s\u00e3o capacitados e qualificados para garantir que sua encomenda seja entregue no prazo combinado. Qualidade Trabalhamos com materiais de qualidade , garantindo assim a satisfa\u00e7\u00e3o de todos os nossos clientes. Cria\u00e7\u00e3o de arte Precisa de um produto mas n\u00e3o tem nenhuma id\u00e9ia? Trabalhamos com a cria\u00e7\u00e3o de arte, para sua&hellip; <br \/> <a class=\"button small blue\" href=\"https:\/\/silkartestamparia.com.br\/?p=1\">Leia mais<\/a><\/p>\n","protected":false},"author":1,"featured_media":0,"parent":0,"menu_order":0,"comment_status":"closed","ping_status":"closed","template":"","meta":{"spay_email":"","footnotes":""},"class_list":["post-5","page","type-page","status-publish","hentry"],"_links":{"self":[{"href":"https:\/\/silkartestamparia.com.br\/index.php?rest_route=\/wp\/v2\/pages\/5","targetHints":{"allow":["GET"]}}],"collection":[{"href":"https:\/\/silkartestamparia.com.br\/index.php?rest_route=\/wp\/v2\/pages"}],"about":[{"href":"https:\/\/silkartestamparia.com.br\/index.php?rest_route=\/wp\/v2\/types\/page"}],"author":[{"embeddable":true,"href":"https:\/\/silkartestamparia.com.br\/index.php?rest_route=\/wp\/v2\/users\/1"}],"replies":[{"embeddable":true,"href":"https:\/\/silkartestamparia.com.br\/index.php?rest_route=%2Fwp%2Fv2%2Fcomments&post=5"}],"version-history":[{"count":11,"href":"https:\/\/silkartestamparia.com.br\/index.php?rest_route=\/wp\/v2\/pages\/5\/revisions"}],"predecessor-version":[{"id":118,"href":"https:\/\/silkartestamparia.com.br\/index.php?rest_route=\/wp\/v2\/pages\/5\/revisions\/118"}],"wp:attachment":[{"href":"https:\/\/silkartestamparia.com.br\/index.php?rest_route=%2Fwp%2Fv2%2Fmedia&parent=5"}],"curies":[{"name":"wp","href":"https:\/\/api.w.org\/{rel}","templated":true}]}}